{"id":378,"date":"2023-02-01T11:50:09","date_gmt":"2023-02-01T11:50:09","guid":{"rendered":"https:\/\/penitent-typography.localsite.io\/?page_id=378"},"modified":"2024-12-31T14:24:39","modified_gmt":"2024-12-31T13:24:39","slug":"spoedkoerier-rotterdam","status":"publish","type":"page","link":"https:\/\/erasmuskoeriers.nl\/en\/spoedkoerier-rotterdam\/","title":{"rendered":"Urgent Shipment"},"content":{"rendered":"<div data-elementor-type=\"wp-page\" data-elementor-id=\"378\" class=\"elementor elementor-378\">\n\t\t\t\t\t\t<section class=\"has_eae_slider elementor-section elementor-top-section elementor-element elementor-element-4952ee6 elementor-section-boxed elementor-section-height-default elementor-section-height-default\" data-eae-slider=\"15820\" data-id=\"4952ee6\" data-element_type=\"section\" data-e-type=\"section\">\n\t\t\t\t\t\t<div class=\"elementor-container elementor-column-gap-default\">\n\t\t\t\t\t<div class=\"has_eae_slider elementor-column elementor-col-50 elementor-top-column elementor-element elementor-element-599c382\" data-eae-slider=\"73378\" data-id=\"599c382\" data-element_type=\"column\" data-e-type=\"column\">\n\t\t\t<div class=\"elementor-widget-wrap elementor-element-populated\">\n\t\t\t\t\t\t<div class=\"elementor-element elementor-element-ef9495d elementor-widget elementor-widget-heading\" data-id=\"ef9495d\" data-element_type=\"widget\" data-e-type=\"widget\" data-widget_type=\"heading.default\">\n\t\t\t\t<div class=\"elementor-widget-container\">\n\t\t\t\t\t<h2 class=\"elementor-heading-title elementor-size-default\">Urgent shipment, for when speed is essential.<\/h2>\t\t\t\t<\/div>\n\t\t\t\t<\/div>\n\t\t\t\t<div class=\"elementor-element elementor-element-6dfcb10 elementor-widget elementor-widget-text-editor\" data-id=\"6dfcb10\" data-element_type=\"widget\" data-e-type=\"widget\" data-widget_type=\"text-editor.default\">\n\t\t\t\t<div class=\"elementor-widget-container\">\n\t\t\t\t\t\t\t\t\t<p>Als het \u00e9cht snel moet, kiest u voor Erasmus Koeriers, d\u00e9 spoedkoerier in Rotterdam. In situaties waar snelheid geboden is, weten wij wat voor u belangrijk is.<\/p>\n<p>Of het nu gaat om documenten die snel getekend moeten worden, of om zendingen voor een klant. Wij zorgen ervoor dat we aan uw verwachtingen voldoen. Wij brengen de zending zo snel mogelijk op de juiste plek.\u00a0<\/p>\n<p>Erasmus Koeriers is gespecialiseerd in het verzorgen van uw spoedzendingen. Wij verzorgen honderden spoedzendingen per maand met zeer tevreden klanten als gevolg.<\/p>\t\t\t\t\t\t\t\t<\/div>\n\t\t\t\t<\/div>\n\t\t\t\t<div class=\"elementor-element elementor-element-e879ff1 elementor-widget elementor-widget-button\" data-id=\"e879ff1\" data-element_type=\"widget\" data-e-type=\"widget\" data-widget_type=\"button.default\">\n\t\t\t\t<div class=\"elementor-widget-container\">\n\t\t\t\t\t\t\t\t\t<div class=\"elementor-button-wrapper\">\n\t\t\t\t\t<a class=\"elementor-button elementor-button-link elementor-size-sm\" href=\"https:\/\/erasmuskoeriers.nl\/en\/opdracht-plaatsen\/\">\n\t\t\t\t\t\t<span class=\"elementor-button-content-wrapper\">\n\t\t\t\t\t\t\t\t\t<span class=\"elementor-button-text\">Book your urgent shipment<\/span>\n\t\t\t\t\t<\/span>\n\t\t\t\t\t<\/a>\n\t\t\t\t<\/div>\n\t\t\t\t\t\t\t\t<\/div>\n\t\t\t\t<\/div>\n\t\t\t\t\t<\/div>\n\t\t<\/div>\n\t\t\t\t<div class=\"has_eae_slider elementor-column elementor-col-50 elementor-top-column elementor-element elementor-element-79152d4\" data-eae-slider=\"9433\" data-id=\"79152d4\" data-element_type=\"column\" data-e-type=\"column\">\n\t\t\t<div class=\"elementor-widget-wrap elementor-element-populated\">\n\t\t\t\t\t\t<div class=\"elementor-element elementor-element-4d38296 elementor-widget elementor-widget-image\" data-id=\"4d38296\" data-element_type=\"widget\" data-e-type=\"widget\" data-widget_type=\"image.default\">\n\t\t\t\t<div class=\"elementor-widget-container\">\n\t\t\t\t\t\t\t\t\t\t\t\t\t\t\t<img fetchpriority=\"high\" decoding=\"async\" width=\"1024\" height=\"684\" src=\"https:\/\/erasmuskoeriers.nl\/wp-content\/uploads\/2023\/02\/koerier-van-erasmus-koeriers-stapt-in-auto-van-erasmus-koeriers-voor-de-erasmusburg-in-rotterdam-spoedkoerier-diensten-erasmus-koeriers.jpg\" class=\"attachment-large size-large wp-image-660\" alt=\"Snel en betrouwbaar: spoedkoerier onderweg met een dringende zending vanuit Rotterdam\" srcset=\"https:\/\/erasmuskoeriers.nl\/wp-content\/uploads\/2023\/02\/koerier-van-erasmus-koeriers-stapt-in-auto-van-erasmus-koeriers-voor-de-erasmusburg-in-rotterdam-spoedkoerier-diensten-erasmus-koeriers.jpg 1024w, https:\/\/erasmuskoeriers.nl\/wp-content\/uploads\/2023\/02\/koerier-van-erasmus-koeriers-stapt-in-auto-van-erasmus-koeriers-voor-de-erasmusburg-in-rotterdam-spoedkoerier-diensten-erasmus-koeriers-300x200.jpg 300w, https:\/\/erasmuskoeriers.nl\/wp-content\/uploads\/2023\/02\/koerier-van-erasmus-koeriers-stapt-in-auto-van-erasmus-koeriers-voor-de-erasmusburg-in-rotterdam-spoedkoerier-diensten-erasmus-koeriers-768x513.jpg 768w\" sizes=\"(max-width: 1024px) 100vw, 1024px\" \/>\t\t\t\t\t\t\t\t\t\t\t\t\t\t\t<\/div>\n\t\t\t\t<\/div>\n\t\t\t\t\t<\/div>\n\t\t<\/div>\n\t\t\t\t\t<\/div>\n\t\t<\/section>\n\t\t\t\t<section class=\"has_eae_slider elementor-section elementor-top-section elementor-element elementor-element-89d1f0e elementor-section-boxed elementor-section-height-default elementor-section-height-default\" data-eae-slider=\"4520\" data-id=\"89d1f0e\" data-element_type=\"section\" data-e-type=\"section\">\n\t\t\t\t\t\t<div class=\"elementor-container elementor-column-gap-default\">\n\t\t\t\t\t<div class=\"has_eae_slider elementor-column elementor-col-100 elementor-top-column elementor-element elementor-element-0c34245\" data-eae-slider=\"98198\" data-id=\"0c34245\" data-element_type=\"column\" data-e-type=\"column\">\n\t\t\t<div class=\"elementor-widget-wrap elementor-element-populated\">\n\t\t\t\t\t\t<div class=\"elementor-element elementor-element-8d4169a elementor-widget elementor-widget-heading\" data-id=\"8d4169a\" data-element_type=\"widget\" data-e-type=\"widget\" data-widget_type=\"heading.default\">\n\t\t\t\t<div class=\"elementor-widget-container\">\n\t\t\t\t\t<h2 class=\"elementor-heading-title elementor-size-default\">Reliable urgent courier in Rotterdam<\/h2>\t\t\t\t<\/div>\n\t\t\t\t<\/div>\n\t\t\t\t<div class=\"elementor-element elementor-element-1da9c7b elementor-widget elementor-widget-text-editor\" data-id=\"1da9c7b\" data-element_type=\"widget\" data-e-type=\"widget\" data-widget_type=\"text-editor.default\">\n\t\t\t\t<div class=\"elementor-widget-container\">\n\t\t\t\t\t\t\t\t\tErasmus Koeriers heeft een groot aantal koeriers en een eigen wagenpark waarmee wij uw zending versturen. Onze koerier komt de zending binnen een halfuur na aanmelding ophalen en levert deze af bij het afleveradres. Onze koeriers zien er representatief uit en service naar onze klanten staat bij ons bovenaan. Dit is terug te zien in het feit dat klanten ons op <a href=\"https:\/\/www.google.com\/search?q=erasmus+koeriers&amp;oq=erasmus+koeriers&amp;aqs=edge..69i57j69i59l3j0i512l2j69i65l2j69i60.6362j0j1&amp;sourceid=chrome&amp;ie=UTF-8#lrd=0x47c433387fe8c64d:0x634cfa96165bcca3,1,,,,\" target=\"_blank\" rel=\"noopener\">Google Reviews<\/a> gemiddeld 5 sterren geven.\t\t\t\t\t\t\t\t<\/div>\n\t\t\t\t<\/div>\n\t\t\t\t\t<\/div>\n\t\t<\/div>\n\t\t\t\t\t<\/div>\n\t\t<\/section>\n\t\t\t\t<section class=\"has_eae_slider elementor-section elementor-top-section elementor-element elementor-element-95d5d39 elementor-section-boxed elementor-section-height-default elementor-section-height-default\" data-eae-slider=\"80373\" data-id=\"95d5d39\" data-element_type=\"section\" data-e-type=\"section\">\n\t\t\t\t\t\t<div class=\"elementor-container elementor-column-gap-default\">\n\t\t\t\t\t<div class=\"has_eae_slider elementor-column elementor-col-100 elementor-top-column elementor-element elementor-element-d8c56e1\" data-eae-slider=\"78318\" data-id=\"d8c56e1\" data-element_type=\"column\" data-e-type=\"column\">\n\t\t\t<div class=\"elementor-widget-wrap elementor-element-populated\">\n\t\t\t\t\t\t<div class=\"elementor-element elementor-element-7341567 elementor-widget elementor-widget-heading\" data-id=\"7341567\" data-element_type=\"widget\" data-e-type=\"widget\" data-widget_type=\"heading.default\">\n\t\t\t\t<div class=\"elementor-widget-container\">\n\t\t\t\t\t<h2 class=\"elementor-heading-title elementor-size-default\">Spoedkoerier volgen<\/h2>\t\t\t\t<\/div>\n\t\t\t\t<\/div>\n\t\t\t\t<div class=\"elementor-element elementor-element-e3be3e9 elementor-widget elementor-widget-text-editor\" data-id=\"e3be3e9\" data-element_type=\"widget\" data-e-type=\"widget\" data-widget_type=\"text-editor.default\">\n\t\t\t\t<div class=\"elementor-widget-container\">\n\t\t\t\t\t\t\t\t\t<p>U kunt op elk moment zien waar uw spoedzending zich bevindt via ons online volgsysteem. U krijgt van ons een klanten login waarmee u inlogt op ons systeem. Daar kunt u al uw lopende zendingen zien en per zending de bezorgstatus nakijken. Uiteraard houden wij zelf ook al uw zendingen in de gaten, en zorgen dat deze conform afspraak bezorgd worden bij de ontvanger.<\/p>\t\t\t\t\t\t\t\t<\/div>\n\t\t\t\t<\/div>\n\t\t\t\t\t<\/div>\n\t\t<\/div>\n\t\t\t\t\t<\/div>\n\t\t<\/section>\n\t\t\t\t<section class=\"has_eae_slider elementor-section elementor-top-section elementor-element elementor-element-9257ae3 elementor-section-boxed elementor-section-height-default elementor-section-height-default\" data-eae-slider=\"3097\" data-id=\"9257ae3\" data-element_type=\"section\" data-e-type=\"section\">\n\t\t\t\t\t\t<div class=\"elementor-container elementor-column-gap-default\">\n\t\t\t\t\t<div class=\"has_eae_slider elementor-column elementor-col-100 elementor-top-column elementor-element elementor-element-e25c9e3\" data-eae-slider=\"90342\" data-id=\"e25c9e3\" data-element_type=\"column\" data-e-type=\"column\">\n\t\t\t<div class=\"elementor-widget-wrap elementor-element-populated\">\n\t\t\t\t\t\t<div class=\"elementor-element elementor-element-62dc8c2 elementor-widget elementor-widget-heading\" data-id=\"62dc8c2\" data-element_type=\"widget\" data-e-type=\"widget\" data-widget_type=\"heading.default\">\n\t\t\t\t<div class=\"elementor-widget-container\">\n\t\t\t\t\t<h2 class=\"elementor-heading-title elementor-size-default\">Submit your urgent shipment now or contact us<\/h2>\t\t\t\t<\/div>\n\t\t\t\t<\/div>\n\t\t\t\t<div class=\"elementor-element elementor-element-b3a48a6 elementor-widget elementor-widget-text-editor\" data-id=\"b3a48a6\" data-element_type=\"widget\" data-e-type=\"widget\" data-widget_type=\"text-editor.default\">\n\t\t\t\t<div class=\"elementor-widget-container\">\n\t\t\t\t\t\t\t\t\t<p>Heeft u nu een opdracht waarvoor u een snelkoerier nodig heeft? <strong>Meld dan snel uw spoedzending aan: <a href=\"https:\/\/erasmuskoeriers.nl\/en\/opdracht-plaatsen\/\">Book your urgent shipment<\/a><\/strong>.<\/p>\n<p>Heeft u eerst nog vragen over onze spoedkoerier service of wilt u telefonisch een afspraak maken? Neem dan\u00a0<strong><a href=\"https:\/\/erasmuskoeriers.nl\/en\/contact\/\">contact\u00a0<\/a><\/strong>met ons op via telefoonnummer\u00a0<strong><a href=\"tel:\/\/0031-10-4122241\">010-4122241<\/a><\/strong>.\u00a0<\/p>\n<p>U kunt tevens mailen naar<strong>\u00a0<a href=\"mailto:info@erasmuskoeriers.nl\">info@erasmuskoeriers.nl<\/a><\/strong>. Wij kunnen u dan uitgebreider informeren over onze dienstverlening en al uw vragen beantwoorden. Wij zien uw (aan)vraag graag tegemoet!<\/p>\t\t\t\t\t\t\t\t<\/div>\n\t\t\t\t<\/div>\n\t\t\t\t\t<\/div>\n\t\t<\/div>\n\t\t\t\t\t<\/div>\n\t\t<\/section>\n\t\t\t\t<\/div>","protected":false},"excerpt":{"rendered":"<p>Spoedkoerier, voor als het \u00e9cht snel moet Als het \u00e9cht snel moet, kiest u voor Erasmus Koeriers, d\u00e9 spoedkoerier in Rotterdam. In situaties waar snelheid geboden is, weten wij wat voor u belangrijk is. Of het nu gaat om documenten die snel getekend moeten worden, of om zendingen voor een klant. Wij zorgen ervoor dat [&hellip;]<\/p>\n","protected":false},"author":1,"featured_media":0,"parent":0,"menu_order":0,"comment_status":"closed","ping_status":"closed","template":"","meta":{"footnotes":""},"class_list":["post-378","page","type-page","status-publish","hentry"],"blocksy_meta":{"styles_descriptor":{"styles":{"desktop":"","tablet":"","mobile":""},"google_fonts":[],"version":6}},"_links":{"self":[{"href":"https:\/\/erasmuskoeriers.nl\/en\/wp-json\/wp\/v2\/pages\/378","targetHints":{"allow":["GET"]}}],"collection":[{"href":"https:\/\/erasmuskoeriers.nl\/en\/wp-json\/wp\/v2\/pages"}],"about":[{"href":"https:\/\/erasmuskoeriers.nl\/en\/wp-json\/wp\/v2\/types\/page"}],"author":[{"embeddable":true,"href":"https:\/\/erasmuskoeriers.nl\/en\/wp-json\/wp\/v2\/users\/1"}],"replies":[{"embeddable":true,"href":"https:\/\/erasmuskoeriers.nl\/en\/wp-json\/wp\/v2\/comments?post=378"}],"version-history":[{"count":87,"href":"https:\/\/erasmuskoeriers.nl\/en\/wp-json\/wp\/v2\/pages\/378\/revisions"}],"predecessor-version":[{"id":2495,"href":"https:\/\/erasmuskoeriers.nl\/en\/wp-json\/wp\/v2\/pages\/378\/revisions\/2495"}],"wp:attachment":[{"href":"https:\/\/erasmuskoeriers.nl\/en\/wp-json\/wp\/v2\/media?parent=378"}],"curies":[{"name":"wp","href":"https:\/\/api.w.org\/{rel}","templated":true}]}}